{"id":4179,"date":"2022-08-24T15:55:24","date_gmt":"2022-08-24T15:55:24","guid":{"rendered":"https:\/\/charity.wp4.host\/?page_id=4179"},"modified":"2022-12-18T19:38:01","modified_gmt":"2022-12-18T19:38:01","slug":"%d0%bf%d1%80%d0%be-%d0%bd%d0%b0%d1%81-%d0%b0%d0%bd%d0%b3%d0%bb","status":"publish","type":"page","link":"https:\/\/cga.in.ua\/?page_id=4179","title":{"rendered":"O nas"},"content":{"rendered":"<p>Centrum Rzecznictwa Obywatelskiego powsta\u0142o w 2007 roku jako publiczna<br \/>\norganizacja pozarz\u0105dowa. Zosta\u0142a utworzona wskutek samoorganizacji dzia\u0142aczy<br \/>\nspo\u0142ecznych, prawnik\u00f3w, dziennikarzy, politolog\u00f3w, specjalist\u00f3w, student\u00f3w oraz<br \/>\naktywnych obywateli.<\/p>\n<p>Nasz\u0105 misj\u0105 jest przyczynianie si\u0119 do poprawy jako\u015bci \u017cycia w Ukrainie<br \/>\npoprzez \u0142\u0105czenie wysi\u0142k\u00f3w, wiedzy i do\u015bwiadczenia.<\/p>\n<p>Centrum po\u0142\u0105czy\u0142o wysi\u0142ki r\u00f3\u017cnych uczestnik\u00f3w w realizacji inicjatyw<br \/>\npublicznych, prawnych, rzeczniczych, informacyjnych w zakresie rozwoju<br \/>\nspo\u0142ecze\u0144stwa obywatelskiego, ochrony praw cz\u0142owieka, rozwoju spo\u0142eczno\u015bci i<br \/>\nsamorz\u0105du terytorialnego, zwi\u0119kszania potencja\u0142u organizacji pozarz\u0105dowych i<br \/>\nw\u0142adz publicznych wsp\u00f3\u0142praca z innymi instytucjami demokratycznymi,<br \/>\nprowadzenie bada\u0144 analitycznych, monitoring spo\u0142eczny, lobbowanie na rzecz<br \/>\nwa\u017cnych spo\u0142ecznie decyzji na szczeblu pa\u0144stwowym i lokalnym.<\/p>\n<p>Od momentu powstania 51 projekt\u00f3w spo\u0142ecznych zosta\u0142o pomy\u015blnie<br \/>\nwdro\u017conych przy wsparciu r\u00f3\u017cnych grantodawc\u00f3w, prywatnych darczy\u0144c\u00f3w,<br \/>\nzasob\u00f3w biznesowych i wolontariuszy. W latach 2007-2021 Centrum \u015bwiadczy\u0142o<br \/>\nbezp\u0142atn\u0105 pomoc prawn\u0105 na rzecz r\u00f3\u017cnych grup spo\u0142ecznie wra\u017cliwych oraz w<br \/>\nkwestiach o znaczeniu strategicznym dla popierania zmian legislacyjnych (dost\u0119p<br \/>\ndo informacji publicznej, organizacja spo\u0142ecze\u0144stwa obywatelskiego,<br \/>\nprzeciwdzia\u0142anie korupcji).<\/p>\n<p>Obs\u0142ugiwane s\u0105 stale dzia\u0142aj\u0105ce programy. Rozpocz\u0119ty w 2018 roku z<br \/>\npolskimi partnerami program wspierania lider\u00f3w m\u0142odzie\u017cowych w gromadach co<br \/>\nroku z powodzeniem realizuje dzia\u0142ania wzmacniaj\u0105ce kompetencje m\u0142odzie\u017cy,<br \/>\nos\u00f3b starszych oraz innych spo\u0142ecznie wra\u017cliwych grup ludno\u015bci.<\/p>\n<p>Organizacja administruje uruchomiony w 2007 roku Program wsparcia<br \/>\norganizacji pozarz\u0105dowych. Specjali\u015bci programu pomagaj\u0105 organizacjom i<br \/>\ndzia\u0142aczom w trudnych sytuacjach prawnych oraz adwokacji, w sieci Facebook<br \/>\ndzia\u0142a Centrum Konsultacyjne dla Organizacji Pozarz\u0105dowych.<\/p>\n<p>Od 2015 r. organizacja jest cz\u0119\u015bci\u0105 Sieci o\u015brodk\u00f3w wspomagaj\u0105cych rozw\u00f3j<br \/>\ndemokracji lokalnej w obwodzie Lwowskim, wspieraj\u0105c wdra\u017canie i stosowanie<br \/>\nr\u00f3\u017cnych form partycypacji spo\u0142ecznej.<\/p>\n<p>Od 2015 roku wspiera procesy decentralizacji pe\u0142nomocnictw geomad w<br \/>\nplanowaniu strategicznym, kszta\u0142towaniu polityki, wspieraniu dzia\u0142a\u0144 publicznych<br \/>\nw gromadach, wdra\u017caniu komponentu \u015brodowiskowego, polityk i praktyk<br \/>\nantykorupcyjnych w gromadach.<\/p>\n<p>Od lutego 2022 r., wraz z pocz\u0105tkiem rosyjskiej agresji zbrojnej, wspieramy<br \/>\nprac\u0119 ze gromadami i przesiedle\u0144cami, integracj\u0119 przemieszczonych os\u00f3b, w tym<br \/>\ngrup spo\u0142ecznie wra\u017cliwych, rozw\u00f3j sieci dzia\u0142aczy spo\u0142ecznych, lokalnych lider\u00f3w,<br \/>\norganizacji pomocowych, partner\u00f3w zagranicznych i mi\u0119dzynarodowych w celu<br \/>\nodbudowy Ukrainy.<\/p>\n<p>&nbsp;<\/p>\n<p>[vc_row row_space=&#8221;remove_padding&#8221;][vc_column][gva_blogs_list pagination=&#8221;on&#8221; loop=&#8221;size:5|order_by:date|post_type:post&#8221;][\/vc_column][\/vc_row]<\/p>\n","protected":false},"excerpt":{"rendered":"<p>Centrum Rzecznictwa Obywatelskiego powsta\u0142o w 2007 roku jako publiczna organizacja pozarz\u0105dowa. Zosta\u0142a utworzona wskutek samoorganizacji dzia\u0142aczy spo\u0142ecznych, prawnik\u00f3w, dziennikarzy, politolog\u00f3w, specjalist\u00f3w, student\u00f3w oraz aktywnych obywateli. Nasz\u0105 misj\u0105 jest przyczynianie si\u0119 do poprawy jako\u015bci \u017cycia w Ukrainie poprzez \u0142\u0105czenie wysi\u0142k\u00f3w, wiedzy i do\u015bwiadczenia. Centrum po\u0142\u0105czy\u0142o wysi\u0142ki r\u00f3\u017cnych uczestnik\u00f3w w realizacji inicjatyw publicznych, prawnych, rzeczniczych, informacyjnych w [&hellip;]<\/p>\n","protected":false},"author":1,"featured_media":0,"parent":0,"menu_order":0,"comment_status":"closed","ping_status":"closed","template":"","meta":{"footnotes":""},"class_list":["post-4179","page","type-page","status-publish","hentry"],"_links":{"self":[{"href":"https:\/\/cga.in.ua\/index.php?rest_route=\/wp\/v2\/pages\/4179","targetHints":{"allow":["GET"]}}],"collection":[{"href":"https:\/\/cga.in.ua\/index.php?rest_route=\/wp\/v2\/pages"}],"about":[{"href":"https:\/\/cga.in.ua\/index.php?rest_route=\/wp\/v2\/types\/page"}],"author":[{"embeddable":true,"href":"https:\/\/cga.in.ua\/index.php?rest_route=\/wp\/v2\/users\/1"}],"replies":[{"embeddable":true,"href":"https:\/\/cga.in.ua\/index.php?rest_route=%2Fwp%2Fv2%2Fcomments&post=4179"}],"version-history":[{"count":6,"href":"https:\/\/cga.in.ua\/index.php?rest_route=\/wp\/v2\/pages\/4179\/revisions"}],"predecessor-version":[{"id":4677,"href":"https:\/\/cga.in.ua\/index.php?rest_route=\/wp\/v2\/pages\/4179\/revisions\/4677"}],"wp:attachment":[{"href":"https:\/\/cga.in.ua\/index.php?rest_route=%2Fwp%2Fv2%2Fmedia&parent=4179"}],"curies":[{"name":"wp","href":"https:\/\/api.w.org\/{rel}","templated":true}]}}